{"id":6318,"date":"2017-09-08T15:41:32","date_gmt":"2017-09-08T14:41:32","guid":{"rendered":"https:\/\/www.plexx.eu\/products\/das-8020-data-display-and-interface\/"},"modified":"2023-12-22T09:41:59","modified_gmt":"2023-12-22T08:41:59","slug":"interface-pour-sonde-das-8020-avec-ecran-de-donnees","status":"publish","type":"product","link":"https:\/\/www.plexx.eu\/fr\/produit\/interface-pour-sonde-das-8020-avec-ecran-de-donnees\/","title":{"rendered":"Interface pour sonde DAS-8020 avec \u00e9cran de donn\u00e9es"},"content":{"rendered":"<h1>Interface pour sonde DAS-8020 avec \u00e9cran de donn\u00e9es<\/h1>\n<ul>\n<li>Syst\u00e8me simple et compact qui utilise les sondes <a href=\"https:\/\/www.plexx.eu\/fr\/products\/rsp-8004-round-smart-probe-for-imi\/\"><strong>RSP-8004<\/strong><\/a>, <a href=\"https:\/\/www.plexx.eu\/fr\/products\/rsp-8005-iptiptt-round-smart-probe\/\"><strong>RSP-8005<\/strong><\/a> et <a href=\"https:\/\/www.plexx.eu\/fr\/products\/rsp-8025-round-smart-probe-for-xpt-iptt\/\"><strong>RSP-8025<\/strong><\/a><\/li>\n<li>\u00c9cran lumineux OLED de 20 caract\u00e8res et 2 lignes<\/li>\n<li>Indicateur LED pour connexion USB et sonde<\/li>\n<li>Trois ports de donn\u00e9es disponibles ; S\u00e9rie USB, clavier USB, s\u00e9rie RS-232 avec connecteur DB9<\/li>\n<li>Interrupteur d&#8217;alimentation plac\u00e9 sur l&#8217;avant de la sonde<\/li>\n<li>C\u00e2ble d&#8217;alimentation \u00e9lectrique internationale unique<\/li>\n<li>Circuit d&#8217;isolement pour prot\u00e9ger les performances de l&#8217;\u00e9quipement<\/li>\n<li>Peut afficher simultan\u00e9ment le code d&#8217;origine et le code de votre choix via un tableau de r\u00e9f\u00e9rences crois\u00e9es<\/li>\n<li>Livr\u00e9 avec un socle en m\u00e9tal lourd qui peut tenir la sonde ou il est possible de les utiliser ind\u00e9pendamment<\/li>\n<\/ul>\n","protected":false},"excerpt":{"rendered":"<p>L\u2019<strong>interface pour sonde DAS-8020 <\/strong>alimente la sonde et formate les donn\u00e9es qui seront transf\u00e9r\u00e9es vers un ordinateur ou un terminal via un port s\u00e9rie USB, un clavier USB ou une prise RS232 avec un port de donn\u00e9es s\u00e9rie connecteur DB9. Une voyant lumineux LED v\u00e9rifie la connexion de la sonde et du port USB. L\u2019interface bidirectionnelle du DAS-8020 permet \u00e9galement une communication en s\u00e9rie directe avec la sonde, ce qui permet d\u2019utiliser les fonctionnalit\u00e9s du logiciel DAShost pour des applications sp\u00e9ciales, \u00e0 savoir le mappage et la configuration des donn\u00e9es.<\/p>\n","protected":false},"featured_media":6297,"template":"","meta":{"_acf_changed":false},"product_brand":[],"product_cat":[470,476],"product_tag":[],"class_list":{"0":"post-6318","1":"product","2":"type-product","3":"status-publish","4":"has-post-thumbnail","6":"product_cat-identification-fr","7":"product_cat-lecteurs-fr","9":"first","10":"instock","11":"shipping-taxable","12":"purchasable","13":"product-type-simple"},"acf":[],"yoast_head":"<!-- This site is optimized with the Yoast SEO plugin v27.4 - https:\/\/yoast.com\/product\/yoast-seo-wordpress\/ -->\n<title>Interface pour sonde DAS-8020 avec \u00e9cran de donn\u00e9es - Plexx<\/title>\n<meta name=\"description\" content=\"Plexx&#039;s diverse product line caters to the needs of laboratory animal care, providing essential equipment, enrichment items, and specialized solutions.\" \/>\n<meta name=\"robots\" content=\"index, follow, max-snippet:-1, max-image-preview:large, max-video-preview:-1\" \/>\n<link rel=\"canonical\" href=\"https:\/\/www.plexx.eu\/fr\/produit\/interface-pour-sonde-das-8020-avec-ecran-de-donnees\/\" \/>\n<meta property=\"og:locale\" content=\"fr_FR\" \/>\n<meta property=\"og:type\" content=\"article\" \/>\n<meta property=\"og:title\" content=\"Interface pour sonde DAS-8020 avec \u00e9cran de donn\u00e9es - Plexx\" \/>\n<meta property=\"og:description\" content=\"Plexx&#039;s diverse product line caters to the needs of laboratory animal care, providing essential equipment, enrichment items, and specialized solutions.\" \/>\n<meta property=\"og:url\" content=\"https:\/\/www.plexx.eu\/fr\/produit\/interface-pour-sonde-das-8020-avec-ecran-de-donnees\/\" \/>\n<meta property=\"og:site_name\" content=\"Plexx\" \/>\n<meta property=\"article:modified_time\" content=\"2023-12-22T08:41:59+00:00\" \/>\n<meta property=\"og:image\" content=\"https:\/\/www.plexx.eu\/wp-content\/uploads\/2017\/09\/DAS8020800x800.png\" \/>\n\t<meta property=\"og:image:width\" content=\"800\" \/>\n\t<meta property=\"og:image:height\" content=\"800\" \/>\n\t<meta property=\"og:image:type\" content=\"image\/png\" \/>\n<meta name=\"twitter:card\" content=\"summary_large_image\" \/>\n<meta name=\"twitter:label1\" content=\"Dur\u00e9e de lecture estim\u00e9e\" \/>\n\t<meta name=\"twitter:data1\" content=\"1 minute\" \/>\n<script type=\"application\/ld+json\" class=\"yoast-schema-graph\">{\"@context\":\"https:\\\/\\\/schema.org\",\"@graph\":[{\"@type\":\"WebPage\",\"@id\":\"https:\\\/\\\/www.plexx.eu\\\/fr\\\/produit\\\/interface-pour-sonde-das-8020-avec-ecran-de-donnees\\\/\",\"url\":\"https:\\\/\\\/www.plexx.eu\\\/fr\\\/produit\\\/interface-pour-sonde-das-8020-avec-ecran-de-donnees\\\/\",\"name\":\"Interface pour sonde DAS-8020 avec \u00e9cran de donn\u00e9es - Plexx\",\"isPartOf\":{\"@id\":\"https:\\\/\\\/www.plexx.eu\\\/fr\\\/#website\"},\"primaryImageOfPage\":{\"@id\":\"https:\\\/\\\/www.plexx.eu\\\/fr\\\/produit\\\/interface-pour-sonde-das-8020-avec-ecran-de-donnees\\\/#primaryimage\"},\"image\":{\"@id\":\"https:\\\/\\\/www.plexx.eu\\\/fr\\\/produit\\\/interface-pour-sonde-das-8020-avec-ecran-de-donnees\\\/#primaryimage\"},\"thumbnailUrl\":\"https:\\\/\\\/www.plexx.eu\\\/wp-content\\\/uploads\\\/2017\\\/09\\\/DAS8020800x800.png\",\"datePublished\":\"2017-09-08T14:41:32+00:00\",\"dateModified\":\"2023-12-22T08:41:59+00:00\",\"description\":\"Plexx's diverse product line caters to the needs of laboratory animal care, providing essential equipment, enrichment items, and specialized solutions.\",\"breadcrumb\":{\"@id\":\"https:\\\/\\\/www.plexx.eu\\\/fr\\\/produit\\\/interface-pour-sonde-das-8020-avec-ecran-de-donnees\\\/#breadcrumb\"},\"inLanguage\":\"fr-FR\",\"potentialAction\":[{\"@type\":\"ReadAction\",\"target\":[\"https:\\\/\\\/www.plexx.eu\\\/fr\\\/produit\\\/interface-pour-sonde-das-8020-avec-ecran-de-donnees\\\/\"]}]},{\"@type\":\"ImageObject\",\"inLanguage\":\"fr-FR\",\"@id\":\"https:\\\/\\\/www.plexx.eu\\\/fr\\\/produit\\\/interface-pour-sonde-das-8020-avec-ecran-de-donnees\\\/#primaryimage\",\"url\":\"https:\\\/\\\/www.plexx.eu\\\/wp-content\\\/uploads\\\/2017\\\/09\\\/DAS8020800x800.png\",\"contentUrl\":\"https:\\\/\\\/www.plexx.eu\\\/wp-content\\\/uploads\\\/2017\\\/09\\\/DAS8020800x800.png\",\"width\":800,\"height\":800},{\"@type\":\"BreadcrumbList\",\"@id\":\"https:\\\/\\\/www.plexx.eu\\\/fr\\\/produit\\\/interface-pour-sonde-das-8020-avec-ecran-de-donnees\\\/#breadcrumb\",\"itemListElement\":[{\"@type\":\"ListItem\",\"position\":1,\"name\":\"Home\",\"item\":\"https:\\\/\\\/www.plexx.eu\\\/fr\\\/\"},{\"@type\":\"ListItem\",\"position\":2,\"name\":\"Produits\",\"item\":\"https:\\\/\\\/www.plexx.eu\\\/fr\\\/boutique\\\/\"},{\"@type\":\"ListItem\",\"position\":3,\"name\":\"Interface pour sonde DAS-8020 avec \u00e9cran de donn\u00e9es\"}]},{\"@type\":\"WebSite\",\"@id\":\"https:\\\/\\\/www.plexx.eu\\\/fr\\\/#website\",\"url\":\"https:\\\/\\\/www.plexx.eu\\\/fr\\\/\",\"name\":\"Plexx\",\"description\":\"Making Life-Science Easier!\",\"publisher\":{\"@id\":\"https:\\\/\\\/www.plexx.eu\\\/fr\\\/#organization\"},\"potentialAction\":[{\"@type\":\"SearchAction\",\"target\":{\"@type\":\"EntryPoint\",\"urlTemplate\":\"https:\\\/\\\/www.plexx.eu\\\/fr\\\/?s={search_term_string}\"},\"query-input\":{\"@type\":\"PropertyValueSpecification\",\"valueRequired\":true,\"valueName\":\"search_term_string\"}}],\"inLanguage\":\"fr-FR\"},{\"@type\":\"Organization\",\"@id\":\"https:\\\/\\\/www.plexx.eu\\\/fr\\\/#organization\",\"name\":\"Plexx\",\"url\":\"https:\\\/\\\/www.plexx.eu\\\/fr\\\/\",\"logo\":{\"@type\":\"ImageObject\",\"inLanguage\":\"fr-FR\",\"@id\":\"https:\\\/\\\/www.plexx.eu\\\/fr\\\/#\\\/schema\\\/logo\\\/image\\\/\",\"url\":\"https:\\\/\\\/www.plexx.eu\\\/wp-content\\\/uploads\\\/2019\\\/10\\\/logo_plexx.svg\",\"contentUrl\":\"https:\\\/\\\/www.plexx.eu\\\/wp-content\\\/uploads\\\/2019\\\/10\\\/logo_plexx.svg\",\"width\":425.2,\"height\":94.1,\"caption\":\"Plexx\"},\"image\":{\"@id\":\"https:\\\/\\\/www.plexx.eu\\\/fr\\\/#\\\/schema\\\/logo\\\/image\\\/\"},\"sameAs\":[\"https:\\\/\\\/www.linkedin.com\\\/company\\\/plexxbv\\\/\"]}]}<\/script>\n<!-- \/ Yoast SEO plugin. -->","yoast_head_json":{"title":"Interface pour sonde DAS-8020 avec \u00e9cran de donn\u00e9es - Plexx","description":"Plexx's diverse product line caters to the needs of laboratory animal care, providing essential equipment, enrichment items, and specialized solutions.","robots":{"index":"index","follow":"follow","max-snippet":"max-snippet:-1","max-image-preview":"max-image-preview:large","max-video-preview":"max-video-preview:-1"},"canonical":"https:\/\/www.plexx.eu\/fr\/produit\/interface-pour-sonde-das-8020-avec-ecran-de-donnees\/","og_locale":"fr_FR","og_type":"article","og_title":"Interface pour sonde DAS-8020 avec \u00e9cran de donn\u00e9es - Plexx","og_description":"Plexx's diverse product line caters to the needs of laboratory animal care, providing essential equipment, enrichment items, and specialized solutions.","og_url":"https:\/\/www.plexx.eu\/fr\/produit\/interface-pour-sonde-das-8020-avec-ecran-de-donnees\/","og_site_name":"Plexx","article_modified_time":"2023-12-22T08:41:59+00:00","og_image":[{"width":800,"height":800,"url":"https:\/\/www.plexx.eu\/wp-content\/uploads\/2017\/09\/DAS8020800x800.png","type":"image\/png"}],"twitter_card":"summary_large_image","twitter_misc":{"Dur\u00e9e de lecture estim\u00e9e":"1 minute"},"schema":{"@context":"https:\/\/schema.org","@graph":[{"@type":"WebPage","@id":"https:\/\/www.plexx.eu\/fr\/produit\/interface-pour-sonde-das-8020-avec-ecran-de-donnees\/","url":"https:\/\/www.plexx.eu\/fr\/produit\/interface-pour-sonde-das-8020-avec-ecran-de-donnees\/","name":"Interface pour sonde DAS-8020 avec \u00e9cran de donn\u00e9es - Plexx","isPartOf":{"@id":"https:\/\/www.plexx.eu\/fr\/#website"},"primaryImageOfPage":{"@id":"https:\/\/www.plexx.eu\/fr\/produit\/interface-pour-sonde-das-8020-avec-ecran-de-donnees\/#primaryimage"},"image":{"@id":"https:\/\/www.plexx.eu\/fr\/produit\/interface-pour-sonde-das-8020-avec-ecran-de-donnees\/#primaryimage"},"thumbnailUrl":"https:\/\/www.plexx.eu\/wp-content\/uploads\/2017\/09\/DAS8020800x800.png","datePublished":"2017-09-08T14:41:32+00:00","dateModified":"2023-12-22T08:41:59+00:00","description":"Plexx's diverse product line caters to the needs of laboratory animal care, providing essential equipment, enrichment items, and specialized solutions.","breadcrumb":{"@id":"https:\/\/www.plexx.eu\/fr\/produit\/interface-pour-sonde-das-8020-avec-ecran-de-donnees\/#breadcrumb"},"inLanguage":"fr-FR","potentialAction":[{"@type":"ReadAction","target":["https:\/\/www.plexx.eu\/fr\/produit\/interface-pour-sonde-das-8020-avec-ecran-de-donnees\/"]}]},{"@type":"ImageObject","inLanguage":"fr-FR","@id":"https:\/\/www.plexx.eu\/fr\/produit\/interface-pour-sonde-das-8020-avec-ecran-de-donnees\/#primaryimage","url":"https:\/\/www.plexx.eu\/wp-content\/uploads\/2017\/09\/DAS8020800x800.png","contentUrl":"https:\/\/www.plexx.eu\/wp-content\/uploads\/2017\/09\/DAS8020800x800.png","width":800,"height":800},{"@type":"BreadcrumbList","@id":"https:\/\/www.plexx.eu\/fr\/produit\/interface-pour-sonde-das-8020-avec-ecran-de-donnees\/#breadcrumb","itemListElement":[{"@type":"ListItem","position":1,"name":"Home","item":"https:\/\/www.plexx.eu\/fr\/"},{"@type":"ListItem","position":2,"name":"Produits","item":"https:\/\/www.plexx.eu\/fr\/boutique\/"},{"@type":"ListItem","position":3,"name":"Interface pour sonde DAS-8020 avec \u00e9cran de donn\u00e9es"}]},{"@type":"WebSite","@id":"https:\/\/www.plexx.eu\/fr\/#website","url":"https:\/\/www.plexx.eu\/fr\/","name":"Plexx","description":"Making Life-Science Easier!","publisher":{"@id":"https:\/\/www.plexx.eu\/fr\/#organization"},"potentialAction":[{"@type":"SearchAction","target":{"@type":"EntryPoint","urlTemplate":"https:\/\/www.plexx.eu\/fr\/?s={search_term_string}"},"query-input":{"@type":"PropertyValueSpecification","valueRequired":true,"valueName":"search_term_string"}}],"inLanguage":"fr-FR"},{"@type":"Organization","@id":"https:\/\/www.plexx.eu\/fr\/#organization","name":"Plexx","url":"https:\/\/www.plexx.eu\/fr\/","logo":{"@type":"ImageObject","inLanguage":"fr-FR","@id":"https:\/\/www.plexx.eu\/fr\/#\/schema\/logo\/image\/","url":"https:\/\/www.plexx.eu\/wp-content\/uploads\/2019\/10\/logo_plexx.svg","contentUrl":"https:\/\/www.plexx.eu\/wp-content\/uploads\/2019\/10\/logo_plexx.svg","width":425.2,"height":94.1,"caption":"Plexx"},"image":{"@id":"https:\/\/www.plexx.eu\/fr\/#\/schema\/logo\/image\/"},"sameAs":["https:\/\/www.linkedin.com\/company\/plexxbv\/"]}]}},"_links":{"self":[{"href":"https:\/\/www.plexx.eu\/fr\/wp-json\/wp\/v2\/product\/6318","targetHints":{"allow":["GET"]}}],"collection":[{"href":"https:\/\/www.plexx.eu\/fr\/wp-json\/wp\/v2\/product"}],"about":[{"href":"https:\/\/www.plexx.eu\/fr\/wp-json\/wp\/v2\/types\/product"}],"wp:featuredmedia":[{"embeddable":true,"href":"https:\/\/www.plexx.eu\/fr\/wp-json\/wp\/v2\/media\/6297"}],"wp:attachment":[{"href":"https:\/\/www.plexx.eu\/fr\/wp-json\/wp\/v2\/media?parent=6318"}],"wp:term":[{"taxonomy":"product_brand","embeddable":true,"href":"https:\/\/www.plexx.eu\/fr\/wp-json\/wp\/v2\/product_brand?post=6318"},{"taxonomy":"product_cat","embeddable":true,"href":"https:\/\/www.plexx.eu\/fr\/wp-json\/wp\/v2\/product_cat?post=6318"},{"taxonomy":"product_tag","embeddable":true,"href":"https:\/\/www.plexx.eu\/fr\/wp-json\/wp\/v2\/product_tag?post=6318"}],"curies":[{"name":"wp","href":"https:\/\/api.w.org\/{rel}","templated":true}]}}