{"id":9073,"date":"2019-10-24T09:06:28","date_gmt":"2019-10-24T08:06:28","guid":{"rendered":"https:\/\/www.plexx.eu\/products\/nobbly-wobbly\/"},"modified":"2023-12-22T09:42:42","modified_gmt":"2023-12-22T08:42:42","slug":"balle-noueuse-nobbly-wobbly","status":"publish","type":"product","link":"https:\/\/www.plexx.eu\/fr\/produit\/balle-noueuse-nobbly-wobbly\/","title":{"rendered":"Balle noueuse (Nobbly Wobbly)"},"content":{"rendered":"<h1>Balle noueuse (Nobbly Wobbly)<\/h1>\n<ul>\n<li>Fabriqu\u00e9e en caoutchouc flexible<\/li>\n<li>La balle entrelac\u00e9e color\u00e9e augmente l&#8217;int\u00e9r\u00eat<\/li>\n<li>La conception unique encourage l&#8217;exercice physique pendant le jeu<\/li>\n<li>Compatible avec lave-cage<\/li>\n<\/ul>\n<p>10 cm de diam\u00e8tre<\/p>\n<p>&nbsp;<\/p>\n","protected":false},"excerpt":{"rendered":"<p><strong>Balle noueuse (Nobbly Wobbly)<br \/>\n<\/strong>Couleurs vari\u00e9es<\/p>\n","protected":false},"featured_media":7294,"template":"","meta":{"_acf_changed":false},"product_brand":[],"product_cat":[720,722,724,726,442,301,212,210,211],"product_tag":[],"class_list":{"0":"post-9073","1":"product","2":"type-product","3":"status-publish","4":"has-post-thumbnail","6":"product_cat-durable-fr-7","7":"product_cat-durable-fr-8","8":"product_cat-durable-fr-9","9":"product_cat-durable-fr-10","10":"product_cat-enrichissement-fr","11":"product_cat-furets-fr","12":"product_cat-cochons-fr","13":"product_cat-chiens-fr","14":"product_cat-primates-fr","16":"first","17":"instock","18":"shipping-taxable","19":"purchasable","20":"product-type-simple"},"acf":[],"yoast_head":"<!-- This site is optimized with the Yoast SEO plugin v27.4 - https:\/\/yoast.com\/product\/yoast-seo-wordpress\/ -->\n<title>Balle noueuse (Nobbly Wobbly) - Plexx<\/title>\n<meta name=\"description\" content=\"Plexx&#039;s diverse product line caters to the needs of laboratory animal care, providing essential equipment, enrichment items, and specialized solutions.\" \/>\n<meta name=\"robots\" content=\"index, follow, max-snippet:-1, max-image-preview:large, max-video-preview:-1\" \/>\n<link rel=\"canonical\" href=\"https:\/\/www.plexx.eu\/fr\/produit\/balle-noueuse-nobbly-wobbly\/\" \/>\n<meta property=\"og:locale\" content=\"fr_FR\" \/>\n<meta property=\"og:type\" content=\"article\" \/>\n<meta property=\"og:title\" content=\"Balle noueuse (Nobbly Wobbly) - Plexx\" \/>\n<meta property=\"og:description\" content=\"Plexx&#039;s diverse product line caters to the needs of laboratory animal care, providing essential equipment, enrichment items, and specialized solutions.\" \/>\n<meta property=\"og:url\" content=\"https:\/\/www.plexx.eu\/fr\/produit\/balle-noueuse-nobbly-wobbly\/\" \/>\n<meta property=\"og:site_name\" content=\"Plexx\" \/>\n<meta property=\"article:modified_time\" content=\"2023-12-22T08:42:42+00:00\" \/>\n<meta property=\"og:image\" content=\"https:\/\/www.plexx.eu\/wp-content\/uploads\/2019\/10\/13370.jpg\" \/>\n\t<meta property=\"og:image:width\" content=\"375\" \/>\n\t<meta property=\"og:image:height\" content=\"217\" \/>\n\t<meta property=\"og:image:type\" content=\"image\/jpeg\" \/>\n<meta name=\"twitter:card\" content=\"summary_large_image\" \/>\n<script type=\"application\/ld+json\" class=\"yoast-schema-graph\">{\"@context\":\"https:\\\/\\\/schema.org\",\"@graph\":[{\"@type\":\"WebPage\",\"@id\":\"https:\\\/\\\/www.plexx.eu\\\/fr\\\/produit\\\/balle-noueuse-nobbly-wobbly\\\/\",\"url\":\"https:\\\/\\\/www.plexx.eu\\\/fr\\\/produit\\\/balle-noueuse-nobbly-wobbly\\\/\",\"name\":\"Balle noueuse (Nobbly Wobbly) - Plexx\",\"isPartOf\":{\"@id\":\"https:\\\/\\\/www.plexx.eu\\\/fr\\\/#website\"},\"primaryImageOfPage\":{\"@id\":\"https:\\\/\\\/www.plexx.eu\\\/fr\\\/produit\\\/balle-noueuse-nobbly-wobbly\\\/#primaryimage\"},\"image\":{\"@id\":\"https:\\\/\\\/www.plexx.eu\\\/fr\\\/produit\\\/balle-noueuse-nobbly-wobbly\\\/#primaryimage\"},\"thumbnailUrl\":\"https:\\\/\\\/www.plexx.eu\\\/wp-content\\\/uploads\\\/2019\\\/10\\\/13370.jpg\",\"datePublished\":\"2019-10-24T08:06:28+00:00\",\"dateModified\":\"2023-12-22T08:42:42+00:00\",\"description\":\"Plexx's diverse product line caters to the needs of laboratory animal care, providing essential equipment, enrichment items, and specialized solutions.\",\"breadcrumb\":{\"@id\":\"https:\\\/\\\/www.plexx.eu\\\/fr\\\/produit\\\/balle-noueuse-nobbly-wobbly\\\/#breadcrumb\"},\"inLanguage\":\"fr-FR\",\"potentialAction\":[{\"@type\":\"ReadAction\",\"target\":[\"https:\\\/\\\/www.plexx.eu\\\/fr\\\/produit\\\/balle-noueuse-nobbly-wobbly\\\/\"]}]},{\"@type\":\"ImageObject\",\"inLanguage\":\"fr-FR\",\"@id\":\"https:\\\/\\\/www.plexx.eu\\\/fr\\\/produit\\\/balle-noueuse-nobbly-wobbly\\\/#primaryimage\",\"url\":\"https:\\\/\\\/www.plexx.eu\\\/wp-content\\\/uploads\\\/2019\\\/10\\\/13370.jpg\",\"contentUrl\":\"https:\\\/\\\/www.plexx.eu\\\/wp-content\\\/uploads\\\/2019\\\/10\\\/13370.jpg\",\"width\":375,\"height\":217},{\"@type\":\"BreadcrumbList\",\"@id\":\"https:\\\/\\\/www.plexx.eu\\\/fr\\\/produit\\\/balle-noueuse-nobbly-wobbly\\\/#breadcrumb\",\"itemListElement\":[{\"@type\":\"ListItem\",\"position\":1,\"name\":\"Home\",\"item\":\"https:\\\/\\\/www.plexx.eu\\\/fr\\\/\"},{\"@type\":\"ListItem\",\"position\":2,\"name\":\"Produits\",\"item\":\"https:\\\/\\\/www.plexx.eu\\\/fr\\\/boutique\\\/\"},{\"@type\":\"ListItem\",\"position\":3,\"name\":\"Balle noueuse (Nobbly Wobbly)\"}]},{\"@type\":\"WebSite\",\"@id\":\"https:\\\/\\\/www.plexx.eu\\\/fr\\\/#website\",\"url\":\"https:\\\/\\\/www.plexx.eu\\\/fr\\\/\",\"name\":\"Plexx\",\"description\":\"Making Life-Science Easier!\",\"publisher\":{\"@id\":\"https:\\\/\\\/www.plexx.eu\\\/fr\\\/#organization\"},\"potentialAction\":[{\"@type\":\"SearchAction\",\"target\":{\"@type\":\"EntryPoint\",\"urlTemplate\":\"https:\\\/\\\/www.plexx.eu\\\/fr\\\/?s={search_term_string}\"},\"query-input\":{\"@type\":\"PropertyValueSpecification\",\"valueRequired\":true,\"valueName\":\"search_term_string\"}}],\"inLanguage\":\"fr-FR\"},{\"@type\":\"Organization\",\"@id\":\"https:\\\/\\\/www.plexx.eu\\\/fr\\\/#organization\",\"name\":\"Plexx\",\"url\":\"https:\\\/\\\/www.plexx.eu\\\/fr\\\/\",\"logo\":{\"@type\":\"ImageObject\",\"inLanguage\":\"fr-FR\",\"@id\":\"https:\\\/\\\/www.plexx.eu\\\/fr\\\/#\\\/schema\\\/logo\\\/image\\\/\",\"url\":\"https:\\\/\\\/www.plexx.eu\\\/wp-content\\\/uploads\\\/2019\\\/10\\\/logo_plexx.svg\",\"contentUrl\":\"https:\\\/\\\/www.plexx.eu\\\/wp-content\\\/uploads\\\/2019\\\/10\\\/logo_plexx.svg\",\"width\":425.2,\"height\":94.1,\"caption\":\"Plexx\"},\"image\":{\"@id\":\"https:\\\/\\\/www.plexx.eu\\\/fr\\\/#\\\/schema\\\/logo\\\/image\\\/\"},\"sameAs\":[\"https:\\\/\\\/www.linkedin.com\\\/company\\\/plexxbv\\\/\"]}]}<\/script>\n<!-- \/ Yoast SEO plugin. -->","yoast_head_json":{"title":"Balle noueuse (Nobbly Wobbly) - Plexx","description":"Plexx's diverse product line caters to the needs of laboratory animal care, providing essential equipment, enrichment items, and specialized solutions.","robots":{"index":"index","follow":"follow","max-snippet":"max-snippet:-1","max-image-preview":"max-image-preview:large","max-video-preview":"max-video-preview:-1"},"canonical":"https:\/\/www.plexx.eu\/fr\/produit\/balle-noueuse-nobbly-wobbly\/","og_locale":"fr_FR","og_type":"article","og_title":"Balle noueuse (Nobbly Wobbly) - Plexx","og_description":"Plexx's diverse product line caters to the needs of laboratory animal care, providing essential equipment, enrichment items, and specialized solutions.","og_url":"https:\/\/www.plexx.eu\/fr\/produit\/balle-noueuse-nobbly-wobbly\/","og_site_name":"Plexx","article_modified_time":"2023-12-22T08:42:42+00:00","og_image":[{"width":375,"height":217,"url":"https:\/\/www.plexx.eu\/wp-content\/uploads\/2019\/10\/13370.jpg","type":"image\/jpeg"}],"twitter_card":"summary_large_image","schema":{"@context":"https:\/\/schema.org","@graph":[{"@type":"WebPage","@id":"https:\/\/www.plexx.eu\/fr\/produit\/balle-noueuse-nobbly-wobbly\/","url":"https:\/\/www.plexx.eu\/fr\/produit\/balle-noueuse-nobbly-wobbly\/","name":"Balle noueuse (Nobbly Wobbly) - Plexx","isPartOf":{"@id":"https:\/\/www.plexx.eu\/fr\/#website"},"primaryImageOfPage":{"@id":"https:\/\/www.plexx.eu\/fr\/produit\/balle-noueuse-nobbly-wobbly\/#primaryimage"},"image":{"@id":"https:\/\/www.plexx.eu\/fr\/produit\/balle-noueuse-nobbly-wobbly\/#primaryimage"},"thumbnailUrl":"https:\/\/www.plexx.eu\/wp-content\/uploads\/2019\/10\/13370.jpg","datePublished":"2019-10-24T08:06:28+00:00","dateModified":"2023-12-22T08:42:42+00:00","description":"Plexx's diverse product line caters to the needs of laboratory animal care, providing essential equipment, enrichment items, and specialized solutions.","breadcrumb":{"@id":"https:\/\/www.plexx.eu\/fr\/produit\/balle-noueuse-nobbly-wobbly\/#breadcrumb"},"inLanguage":"fr-FR","potentialAction":[{"@type":"ReadAction","target":["https:\/\/www.plexx.eu\/fr\/produit\/balle-noueuse-nobbly-wobbly\/"]}]},{"@type":"ImageObject","inLanguage":"fr-FR","@id":"https:\/\/www.plexx.eu\/fr\/produit\/balle-noueuse-nobbly-wobbly\/#primaryimage","url":"https:\/\/www.plexx.eu\/wp-content\/uploads\/2019\/10\/13370.jpg","contentUrl":"https:\/\/www.plexx.eu\/wp-content\/uploads\/2019\/10\/13370.jpg","width":375,"height":217},{"@type":"BreadcrumbList","@id":"https:\/\/www.plexx.eu\/fr\/produit\/balle-noueuse-nobbly-wobbly\/#breadcrumb","itemListElement":[{"@type":"ListItem","position":1,"name":"Home","item":"https:\/\/www.plexx.eu\/fr\/"},{"@type":"ListItem","position":2,"name":"Produits","item":"https:\/\/www.plexx.eu\/fr\/boutique\/"},{"@type":"ListItem","position":3,"name":"Balle noueuse (Nobbly Wobbly)"}]},{"@type":"WebSite","@id":"https:\/\/www.plexx.eu\/fr\/#website","url":"https:\/\/www.plexx.eu\/fr\/","name":"Plexx","description":"Making Life-Science Easier!","publisher":{"@id":"https:\/\/www.plexx.eu\/fr\/#organization"},"potentialAction":[{"@type":"SearchAction","target":{"@type":"EntryPoint","urlTemplate":"https:\/\/www.plexx.eu\/fr\/?s={search_term_string}"},"query-input":{"@type":"PropertyValueSpecification","valueRequired":true,"valueName":"search_term_string"}}],"inLanguage":"fr-FR"},{"@type":"Organization","@id":"https:\/\/www.plexx.eu\/fr\/#organization","name":"Plexx","url":"https:\/\/www.plexx.eu\/fr\/","logo":{"@type":"ImageObject","inLanguage":"fr-FR","@id":"https:\/\/www.plexx.eu\/fr\/#\/schema\/logo\/image\/","url":"https:\/\/www.plexx.eu\/wp-content\/uploads\/2019\/10\/logo_plexx.svg","contentUrl":"https:\/\/www.plexx.eu\/wp-content\/uploads\/2019\/10\/logo_plexx.svg","width":425.2,"height":94.1,"caption":"Plexx"},"image":{"@id":"https:\/\/www.plexx.eu\/fr\/#\/schema\/logo\/image\/"},"sameAs":["https:\/\/www.linkedin.com\/company\/plexxbv\/"]}]}},"_links":{"self":[{"href":"https:\/\/www.plexx.eu\/fr\/wp-json\/wp\/v2\/product\/9073","targetHints":{"allow":["GET"]}}],"collection":[{"href":"https:\/\/www.plexx.eu\/fr\/wp-json\/wp\/v2\/product"}],"about":[{"href":"https:\/\/www.plexx.eu\/fr\/wp-json\/wp\/v2\/types\/product"}],"wp:featuredmedia":[{"embeddable":true,"href":"https:\/\/www.plexx.eu\/fr\/wp-json\/wp\/v2\/media\/7294"}],"wp:attachment":[{"href":"https:\/\/www.plexx.eu\/fr\/wp-json\/wp\/v2\/media?parent=9073"}],"wp:term":[{"taxonomy":"product_brand","embeddable":true,"href":"https:\/\/www.plexx.eu\/fr\/wp-json\/wp\/v2\/product_brand?post=9073"},{"taxonomy":"product_cat","embeddable":true,"href":"https:\/\/www.plexx.eu\/fr\/wp-json\/wp\/v2\/product_cat?post=9073"},{"taxonomy":"product_tag","embeddable":true,"href":"https:\/\/www.plexx.eu\/fr\/wp-json\/wp\/v2\/product_tag?post=9073"}],"curies":[{"name":"wp","href":"https:\/\/api.w.org\/{rel}","templated":true}]}}